{"id":11971,"date":"2024-11-08T13:06:20","date_gmt":"2024-11-08T13:06:20","guid":{"rendered":"https:\/\/tootsiaiand.eu\/test-pood\/?page_id=11971"},"modified":"2025-02-05T14:46:50","modified_gmt":"2025-02-05T14:46:50","slug":"kasutustingimused","status":"publish","type":"page","link":"https:\/\/tootsiaiand.eu\/pood\/kasutustingimused\/","title":{"rendered":"Kasutustingimused"},"content":{"rendered":"\n<h2><strong>M\u00fc\u00fcgitingimused<\/strong><\/h2>\n<p>K\u00e4esolevat veebilehte haldab Tootsi Aiand O\u00dc. Veebilehe all peame silmas kogu veebilehte ja selle sisu, kaasa arvatud kogu materjali, struktuuri ja disaini. Palume tutvuda kasutustingimustega veebilehe esmakordsel kasutamisel ning v\u00f5tta arvesse, et v\u00f5ime kasutustingimusi ette teatamata muuta. Kasutustingimustes selgitame eelk\u00f5ige vastutuse v\u00e4listamist, autori\u00f5igust ja isikuandmete kaitset.<\/p>\n<h3><strong>M\u00f5isted<\/strong><\/h3>\n<p><strong>Tootsi Aiand O\u00dc<\/strong> (registrikood 10657669, aadress Ristiv\u00e4lja talu, Tabria k\u00fcla, Tori vald, 87311, e-post:\u00a0<a href=\"mailto:tootsiaiand@gmail.com\">tootsiaiand@gmail.com<\/a>)<\/p>\n<p><strong>Veebileht<\/strong>\u00a0\u2013\u00a0<a href=\"http:\/\/www.tootsiaiand.eu\/test-pood\">www.tootsiaiand.eu\/pood<\/a><\/p>\n<p>\u00a0<strong>Kasutaja<\/strong>\u00a0\u2013 isik, kes kasutab Tootsi Aiandi kontrolli all olevat Veebilehte v\u00f5i Rakendust.<\/p>\n<p><strong>Klient<\/strong>\u00a0\u2013 F\u00fc\u00fcsiline isik v\u00f5i Juriidiline isik, kes kasutab Tootsi Aiandi e-poodi ja\/v\u00f5i kullerteenust.<\/p>\n<p>Isikuandmete t\u00f6\u00f6tlemine on s\u00e4testatud Tootsi Aiandi Privaatsustingimustes, mis on k\u00e4esolevate Kasutustingimuste lahutamatuks osaks.<\/p>\n<h3><strong>\u00dclds\u00e4tted<\/strong><\/h3>\n<p>Teenuse kasutamine on lubatud vaid k\u00f5ikide kasutustingimustega n\u00f5ustumise korral. Kasutades Teenust n\u00f5ustub Kasutaja k\u00f5ikide kasutustingimustega eranditult.<\/p>\n<p>E-poe toodete ja teenuste hinnad on v\u00e4lja toodud veebilehel <a href=\"https:\/\/tootsiaiand.eu\/pood\/e-pood\/\">https:\/\/tootsiaiand.eu\/pood\/<\/a> ja kullerteenuste hinnakiri lehel\u00a0 <a href=\"https:\/\/tootsiaiand.eu\/pood\/kasutustingimused\/\">https:\/\/tootsiaiand.eu\/pood\/kasutustingimused\/<\/a><\/p>\n<p>Kasutaja ja Haldaja vahelisele \u00f5igussuhtele kohaldatakse Eesti Vabariigis kehtivaid \u00f5igusakte.<\/p>\n<h3><strong>Kasutaja kohustused ja piirangud<\/strong><\/h3>\n<p>Kasutaja tagab, et kasutab Veebilehte ja rakendust vastavalt Kasutustingimustele.<\/p>\n<p>Kasutaja kohustub hoiduma Veebilehe ja rakenduse h\u00e4irimisest v\u00f5i kahjustamisest.<\/p>\n<p>Kasutaja on kohustatud Andmebaasi sisestama ainult \u00f5iged ja t\u00e4psed Kasutajaandmed<\/p>\n<p>Kasutaja peab tasuma k\u00f5igi tasuliste Teenuste eest vastavalt kehtivatele teenustasudele, mis avaldatakse ka Haldaja veebilehel.<\/p>\n<h3><strong>Kasutajal j\u00e4rgnevad \u00f5igused:<\/strong><\/h3>\n<p>Kasutajal on \u00f5igus kasutada Teenust koosk\u00f5las Teenuse kasutustingimustega;<\/p>\n<p>taotleda Kasutajaandmete kustutamist ja edasise t\u00f6\u00f6tlemise l\u00f5petamist;<\/p>\n<p>taotleda Kasutajaandmete t\u00f6\u00f6tlemise piiramist;<\/p>\n<p>esitada vastuv\u00e4iteid Kasutajaandmete t\u00f6\u00f6tlemisele;<\/p>\n<p>esitada kaebuseid Kasutajaandmete t\u00f6\u00f6tlemise osas vastavale j\u00e4relevalveasutusele<\/p>\n<h3><strong>Haldaja \u00f5igused ja kohustused<\/strong><\/h3>\n<p>Haldajal on \u00f5igus ajutiselt katkestada juurdep\u00e4\u00e4s Teenusele, kui see on vajalik nimetatu tehniliste muudatuste, uuenduste, hooldet\u00f6\u00f6de eesm\u00e4rgil v\u00f5i k\u00fcberr\u00fcnde t\u00f5rjeks.<\/p>\n<p>Haldaja ei vastuta Teenuse kasutamisest v\u00f5i k\u00e4esolevate Kasutustingimuste alusel Teenusele juurdep\u00e4\u00e4su piiramisest v\u00f5i katkestamisest tekkinud kahju<\/p>\n<p>Haldaja kohustub mitte avaldama kolmandatele isikutele Kasutaja andmeid, v\u00e4lja arvatud tellimuse t\u00e4itmiseks ja kohaletoimetamiseks koost\u00f6\u00f6partneritele.<\/p>\n<p>Haldajal on \u00f5igus \u00fchepoolselt muuta kasutustingimusi ning Teenuse kaudu k\u00e4ttesaadavaid muid juhendeid. Muudetud kasutustingimused avaldatakse Tootsi Aiandi veebilehel ja need muutuvad kehtivaks veebilehel avaldamisest alates. Iga Kasutajat eraldi kasutamistingimuste muutmisest ei teavitata.<\/p>\n<h3><strong>Isikuandmed<\/strong><\/h3>\n<p>Koosk\u00f5las isikuandmete kaitse seadusega t\u00f6\u00f6deldakse isikuandmeid ainult Kasutaja loal ja ainult Teenuse toimimise jaoks vajalikus ulatuses<\/p>\n<h3><strong>Tagasiside<\/strong><\/h3>\n<p>Teiste kasutusviiside v\u00f5i k\u00fcsimuste korral palun v\u00f5tke meiega \u00fchendust.<\/p>\n<p>Tervitame tagasisidet ja ettepanekuid, mis aitaksid meil veebilehte paremaks muuta. Kui soovite meiega \u00fchendust v\u00f5tta, palun kirjutage meie meiliaadressile tootsiaiand@gmail.com.<\/p>\n<p>Palun pidage silmas seda, et me ei pruugi j\u00f5uda vastata k\u00f5ikidele tagasisidet pakkuvatele kirjadele ja et j\u00e4tame endale \u00f5iguse mitte vastata.<\/p>\n<h3><strong>Tellimise juhend:<\/strong><\/h3>\n<p>Tootsi Lillepoe e-pood pakub teile mugavat v\u00f5imalust osta lilli ja muid erinevaid tooteid meie valikust. Tellimusi e-poe kaudu saate esitada \u00f6\u00f6p\u00e4evaringselt. Ostetud lilledele ja muudele kaupadele v\u00f5ite ise j\u00e4rgi tulla v\u00f5i kasutada lillekulleri teenust, millega tellitud tooted j\u00f5uavad kohale teie poolt sisestatud aadressile. Kullerteenust kasutades lisandub l\u00f5ppsummale ka kullerteenuse tasu.<\/p>\n<h3><strong>Tellimuse esitamine<\/strong><\/h3>\n<p>Tellimust saad vormistada alustades lillede v\u00f5i kimbu valimisega. K\u00f5iki tooted saad valida vajutades lehek\u00fclje \u00fclaosas \u201eE-pood\u201c. Valitud tooted saate lisada ostukorvi vajutades nuppu \u201eLisa korvi\u201c avatud toote all. Ostukorvi sisu on p\u00fcsivalt n\u00e4ha ekraani paremal \u00fclemises servas, millel hiirega klikkides on p\u00e4\u00e4s tellimuse vormistamise lehele. Samas saate ka korrigeerida tellitud koguseid ning mittevajalikke tooteid kustutada.<\/p>\n<p>Tellimuse vormistamisel palume sisestada saaja t\u00e4psed andmed, sest meile edastatava info t\u00e4psusest ja \u00f5igsusest s\u00f5ltub teie poolt ostetud toodete kiire ja h\u00e4ireteta kohale toimetamine. Kui ilmneb vajadus millegi t\u00e4psustamiseks, v\u00f5etakse teiega \u00fchendust telefoni v\u00f5i e-posti teel. Kui tellimuse t\u00e4itmiseks olulisi isikuandmeid ei esitata, siis ei ole meil v\u00f5imalik tellimust t\u00e4ita.\u00a0<\/p>\n<p>Lilled on hooajaline toode ja k\u00f5iki lilli\/v\u00e4rvitoone ei pruugi alati k\u00f5igis kauplustes saada olla, mist\u00f5ttu j\u00e4tab lillepood endale \u00f5iguse vajadusel ja summa piires materjale asendada. Suuremate asenduste korral v\u00f5tame Saatjaga telefoni v\u00f5i e-maili teel \u00fchendust, et asendus kokku leppida.<\/p>\n<h3><strong>Tasumine<\/strong><\/h3>\n<p>Panga internetikeskkonnas saate tavalise panga\u00fclekande teel tasuda tehtud tellimuse eest. P\u00e4rast tasumist vajutage kindlasti nuppu \u201cTagasi kaupmehe juurde\u201d! Kui peale nupu vajutust j\u00f5uate tagasi Tootsi Aiandi internetipoodi on tellimuse edastamine \u00f5nnestunud.<\/p>\n<p>Tootsi Aiand\u00a0O\u00dc on isikuandmete vastutav t\u00f6\u00f6tleja, Tootsi Aiand edastab maksete teostamiseks vajalikud isikuandmed volitatud t\u00f6\u00f6tleja Maksekeskus AS-le.<\/p>\n<h3><strong>Makseviiside kirjeldus<\/strong><\/h3>\n<p>Kliendid saavad maksta l\u00e4bi pangalingi ning ise j\u00e4rgi tulles saab kohapeal tasuda sularaha ja kaardiga. Arveldame EUR-ides. Tarnime p\u00e4rnu linna ja l\u00e4hi\u00fcmbrusesse (max 30km). Kullerteenust osutab Forus Takso.<\/p>\n<h3><strong>Ostust taganemise kord<\/strong><\/h3>\n<p>Peale tellimuse kohaletoimetamist ei ole enam v\u00f5imalik kaupa tagastada. L\u00f5ikelilled on kiiresti riknev kaup, ning tagastamine ei ole v\u00f5imalik.<\/p>\n<blockquote>\n<p><strong>Mitte kvaliteetsetest toodetest anda koheselt (kuni 3 tundi) teada telefonil 6121148 v\u00f5i e-kirja teel TootsiLillepood@gmail.com.<\/strong><\/p>\n<\/blockquote>\n<h3><strong>Kullerteenuse hinnakiri (sisaldavad k\u00e4ibemaksu):<\/strong><\/h3>\n<p>*P\u00e4rnu Linn: 6 \u20ac<\/p>\n<p>*P\u00e4rnu l\u00e4hi\u00fcmbrus (Paikuse, Tammiste, Seljametsa, Pappsaare, Sauga, Hirvela) 12 \u20ac<\/p>\n<p>*P\u00e4rnu \u00fcmbrus kuni ~15km (Sindi, Uulu, Valgeranna, Kilksamaa, Audru, Laadi) 16 \u20ac<\/p>\n<p>*P\u00e4rnu \u00fcmbrus ~30 km (Lavasaare, P\u00e4rnu-Jaagupi, Are, Tori) 32\u20ac<\/p>\n<blockquote>\n<p class=\"uppercase\"><strong>Palume m\u00f5ista, et suurematel t\u00e4htp\u00e4evadel (s\u00f5bra-, naiste- ja emadep\u00e4ev) kellaajalisi kullertellimusi ei t\u00e4ideta, k\u00f5ik tellimused t\u00e4idetakse jooksvalt p\u00e4eva jooksul.<\/strong><\/p>\n<\/blockquote>\n<p>Tellimusi samaks p\u00e4evaks v\u00f5tame vastu ainult telefoni teel!<\/p>\n<p>Tootsi Lillepood +372 612 1148<\/p>\n<p>Aadres:\u00a0<strong>Riia mnt 108c, P\u00e4rnu.<\/strong>\u00a0 \u00a0 \u00a0 \u00a0 \u00a0 \u00a0 \u00a0 \u00a0 \u00a0 \u00a0 \u00a0 \u00a0 \u00a0 \u00a0 \u00a0 \u00a0 \u00a0 \u00a0 \u00a0 \u00a0 \u00a0 \u00a0 \u00a0 \u00a0 \u00a0 \u00a0 \u00a0 \u00a0 \u00a0<\/p>\n<p>E-mail:\u00a0<strong>TootsiLillepood@gmail.com\u00a0 \u00a0 \u00a0 \u00a0 \u00a0 \u00a0 Telefon: 6121148<\/strong>\u00a0 \u00a0 \u00a0 \u00a0 \u00a0 \u00a0 \u00a0 \u00a0 \u00a0 \u00a0 \u00a0 \u00a0 \u00a0 \u00a0 \u00a0 \u00a0 \u00a0 \u00a0 \u00a0 \u00a0 \u00a0 \u00a0 \u00a0 \u00a0 \u00a0 \u00a0 \u00a0 \u00a0<br \/><strong>E-R\u00a0 \u00a0<\/strong>\u00a08.00 \u2013 19.00<br \/><strong>L<\/strong>\u00a0 \u00a0 \u00a0 \u00a0 9.00 \u2013 18.00<br \/><strong>P<\/strong>\u00a0 \u00a0 \u00a0 \u00a09.00 \u2013 16.00<\/p>\n\n","protected":false},"excerpt":{"rendered":"","protected":false},"author":3,"featured_media":0,"parent":0,"menu_order":0,"comment_status":"closed","ping_status":"closed","template":"","meta":{"footnotes":""},"class_list":["post-11971","page","type-page","status-publish","hentry"],"jetpack_sharing_enabled":true,"_links":{"self":[{"href":"https:\/\/tootsiaiand.eu\/pood\/wp-json\/wp\/v2\/pages\/11971","targetHints":{"allow":["GET"]}}],"collection":[{"href":"https:\/\/tootsiaiand.eu\/pood\/wp-json\/wp\/v2\/pages"}],"about":[{"href":"https:\/\/tootsiaiand.eu\/pood\/wp-json\/wp\/v2\/types\/page"}],"author":[{"embeddable":true,"href":"https:\/\/tootsiaiand.eu\/pood\/wp-json\/wp\/v2\/users\/3"}],"replies":[{"embeddable":true,"href":"https:\/\/tootsiaiand.eu\/pood\/wp-json\/wp\/v2\/comments?post=11971"}],"version-history":[{"count":5,"href":"https:\/\/tootsiaiand.eu\/pood\/wp-json\/wp\/v2\/pages\/11971\/revisions"}],"predecessor-version":[{"id":12667,"href":"https:\/\/tootsiaiand.eu\/pood\/wp-json\/wp\/v2\/pages\/11971\/revisions\/12667"}],"wp:attachment":[{"href":"https:\/\/tootsiaiand.eu\/pood\/wp-json\/wp\/v2\/media?parent=11971"}],"curies":[{"name":"wp","href":"https:\/\/api.w.org\/{rel}","templated":true}]}}