{"id":11974,"date":"2024-11-08T13:10:04","date_gmt":"2024-11-08T13:10:04","guid":{"rendered":"https:\/\/tootsiaiand.eu\/test-pood\/?page_id=11974"},"modified":"2024-11-08T13:51:24","modified_gmt":"2024-11-08T13:51:24","slug":"privaatsuspoliitika","status":"publish","type":"page","link":"https:\/\/tootsiaiand.eu\/pood\/privaatsuspoliitika\/","title":{"rendered":"Privaatsuspoliitika"},"content":{"rendered":"\n<h2><strong>Privaatsuspoliitika<\/strong><\/h2>\n<p>Tootsi Aiand on v\u00f5tnud endale kohustuse kaitsta klientide ja kasutajate privaatsust. Sellest l\u00e4htuvalt oleme koostanud k\u00e4esolevad privaatsuspoliitika p\u00f5him\u00f5tted, mis k\u00e4sitlevad kliendi andmete kogumist, kasutamist, avaldamist, edastamist ja talletamist.<\/p>\n<p>Oma tegevuses juhindume Eesti Vabariigi isikuandmete kaitse seadusest (IKS). K\u00e4esolev privaatsusteave (edaspidi<br \/>Privaatsuspoliitika) on adresseeritud IKS-i regulatsioonis nimetatud andmesubjektile, edaspidi Kasutaja, kelle isikuandmeid t\u00f6\u00f6deldakse teenuse<br \/>osutamiseks.<\/p>\n<p>Tootsi Aiand O\u00dc on isikuandmete vastutav t\u00f6\u00f6tleja, meie ettev\u00f5te edastab maksete teostamiseks vajalikud isikuandmed volitatud t\u00f6\u00f6tleja Maksekeskus AS-le.<\/p>\n<h3><strong>Isiklikud andmed, mida salvestatakse tellimuse esitamisel<\/strong><\/h3>\n<ul>\n<li>Tellimusega seotud kontaktandmed, s.h. nimi, arveldusaadress, telefoninumbrid, e-posti aadress ja ettev\u00f5tte nimi, registrikood ning muud juriidiliselt vajalikud andmed arveldamiseks.<\/li>\n<li>Tellimuse saaja ja kohaletoimetamise andmed, s.h. tellimuse saaja nimi, telefoninumbrid, tarneaadress ja kohaletoimetamise juhend.<\/li>\n<li>Saadetise ja \u00f5nnitluse kuup\u00e4ev ning t\u00e4htp\u00e4eva iseloom nagu n\u00e4iteks s\u00fcnnip\u00e4ev, \u00f5nnitlus, aastap\u00e4ev.<\/li>\n<li>Andmed tellimusele lisatud kaardi tekstis (n\u00e4iteks nimed ja s\u00fcnnikuup\u00e4evad)<\/li>\n<li>Tellitud toodetega seotud andmed.<\/li>\n<li>Kasutaja IP-aadress.<\/li>\n<\/ul>\n<h3><strong>Me kasutame isiklikke andmeid j\u00e4rgmistel eesm\u00e4rkidel:<\/strong><\/h3>\n<ul>\n<li>Tellimuse esitamiseks.<\/li>\n<li>Tellimuse j\u00e4lgimiseks ja t\u00f6\u00f6tlemiseks.<\/li>\n<li>Makse kinnitamiseks. Tootsi AIandi Veebileht kasutab maksmiseks kolmandate osapoolte pangalinke, mis suunavad makse sooritamiseks Kasutaja poolt valitud panga makselehele. Tootsi Aiand ei salvesta ega n\u00e4e Kasutaja pangakontoga seotud isiklikke andmeid, v.a. maksekinnitusel panga poolt m\u00e4rgitud andmed.<\/li>\n<li>Tellimuse t\u00e4itmiseks ja kohaletoimetamiseks jagame tellimuse saaja andmeid meie nimel tellimust valmistava floristiga ning kohaletoimetava floristi v\u00f5i kulleriga.<\/li>\n<li>Tellijale tellimuskinnituse edastamiseks v\u00f5i tellimusega seotud probleemidest teatamiseks.<\/li>\n<\/ul>\n<p>Kogutud isikuandmeid kasutame ka kauba kohaletoimetamiseks ning kliendi ees v\u00f5etud kohustuste t\u00e4itmiseks. Kliendi paremaks teenindamiseks v\u00f5ib Tootsi Aiand avaldada teavet \u00fcksikute kasutajate kohta kolmandale osapoolele, kes osutab Tootsi Aiandile teenuseid ning on lepinguga kohustunud hoidma jagatud teavet konfidentsiaalsena. Kolmandaks osapooleks on n\u00e4iteks meie partner, kelle \u00fclesanneteks on e-poes m\u00fc\u00fcdavate kaupade transport.<\/p>\n<h3><strong>Isikuandmete kaitse<\/strong><\/h3>\n<p>Tootsi Aiand rakendab k\u00f5iki ettevaatusabin\u00f5usid (sh administratiivsed, tehnilised ja f\u00fc\u00fcsilised meetmed) kliendi isikuandmete kaitsmiseks. Juurdep\u00e4\u00e4s andmete muutmiseks ja t\u00f6\u00f6tlemiseks on ainult selleks volitatud isikutel.<\/p>\n<p>Kui kahtlustad, et Sinu isikuandmetega on toimitud vastupidiselt k\u00e4esolevas privaatsuspoliitikas kirjeldatule v\u00f5i on oht, et Sinu andmed on lekkinud v\u00f5\u00f5rastele isikutele, anna meile sellest koheselt teada. Ainult nii ame hoida potentsiaalse kahju v\u00f5imalikult v\u00e4ikesena.<\/p>\n<p>Kliendil on \u00f5igus n\u00f5uda oma andmete t\u00f6\u00f6tlemise l\u00f5petamist, teavet andmete kasutamise kohta ning andmete edastamist endale v\u00f5i kolmandale isikule \u00fcldkasutatavas vormingus. V\u00e4ltimaks kliendi andmete ja \u00f5iguste v\u00e4\u00e4rkasutust on taotlusi lubatud esitada \u00fcksnes vormis, kus taotleja isik on tuvastatav (digitaalselt allkirjastatud v\u00f5i esinduses isiklikult allkirjastatud). Meil on \u00f5igus sellistele taotlustele vastata 30 p\u00e4eva jooksul.<\/p>\n<h3><strong>Turvalisus<\/strong><\/h3>\n<p>K\u00f5ik Tootsi Aiandi e-poe k\u00fclastamise ja ostude sooritamise k\u00e4igus teatavaks saanud kliendi isikuandmeid k\u00e4sitletakse kui konfidentsiaalset infot. Kr\u00fcpteeritud andmesidekanal pankadega tagab ostu sooritaja isikuandmete ja pangarekvisiitide turvalisuse.<\/p>\n<h3><strong>Privaatsuspoliitika tingimused ja muudatused<\/strong><\/h3>\n<p>Meie veebisaiti kasutama asudes v\u00f5i p\u00fcsikliendi avalduse t\u00e4itmisel oled k\u00e4esolevate p\u00f5him\u00f5tete ja tingimustega tutvunud ning nendega n\u00f5ustunud. J\u00e4tame endale \u00f5iguse vajadusel privaatsuspoliitika \u00fcldtingimusi muuta, teavitades sellest k\u00f5iki p\u00fcsikliente, kuid anname oma parima, et hoida meie privaatsuspoliitika ajakohase ja Sinule k\u00e4ttesaadavana meie kodulehel.<\/p>\n<h3><strong>Mida saab kasutaja oma isiklike andme kaitsmiseks ise teha?<\/strong><\/h3>\n<p>Tootsi Aiand ei k\u00fcsi oma Veebilehel ega e-posti kaudu pangakontoga seotud salas\u00f5na ega krediitkaardiandmeid. Pangalingid juhatavad makse kinnitamiseks panga poolt m\u00e4\u00e4ratud turvalisele veebilehele v\u00e4ljapoole Tootsi Aiand keskkonda.<\/p>\n<p>Kasutades avalikku arvutit v\u00f5i muud seadet v\u00f5i turvamata wi-fi v\u00f5rku, logige peale Veebilehe k\u00fclastamist oma kontolt alati v\u00e4lja ning sulgege sirvija aken.<\/p>\n<h3><strong>Kui kaua me andmeid s\u00e4litame?<\/strong><\/h3>\n<p>Me s\u00e4ilitame isikuandmeid ainult k\u00e4esolevas Privaatsuspoliitikas v\u00e4ljatoodud p\u00f5hjustel ja nii kaua, kuni meil on \u00f5iguslik v\u00f5i \u00e4riline vajadus nende s\u00e4ilitamiseks.<\/p>\n<h3><strong>Kontaktinfo<\/strong><\/h3>\n<p>Kasutajate ja tellimuste andmete kogumise ning andmete turvalise hoiustamise eest vastutab Tootsi Aiand O\u00dc.<\/p>\n<p>Isikuandmetega seotud p\u00e4ringute ja taotlustega palume \u00fchendust v\u00f5tta allolevatel kontaktidel:<\/p>\n<p>E-mail: tootsiaiand@gmail.com<\/p>\n<p>Tel: +372 52 77 201<\/p>\n\n","protected":false},"excerpt":{"rendered":"","protected":false},"author":3,"featured_media":0,"parent":0,"menu_order":0,"comment_status":"closed","ping_status":"closed","template":"","meta":{"footnotes":""},"class_list":["post-11974","page","type-page","status-publish","hentry"],"jetpack_sharing_enabled":true,"_links":{"self":[{"href":"https:\/\/tootsiaiand.eu\/pood\/wp-json\/wp\/v2\/pages\/11974","targetHints":{"allow":["GET"]}}],"collection":[{"href":"https:\/\/tootsiaiand.eu\/pood\/wp-json\/wp\/v2\/pages"}],"about":[{"href":"https:\/\/tootsiaiand.eu\/pood\/wp-json\/wp\/v2\/types\/page"}],"author":[{"embeddable":true,"href":"https:\/\/tootsiaiand.eu\/pood\/wp-json\/wp\/v2\/users\/3"}],"replies":[{"embeddable":true,"href":"https:\/\/tootsiaiand.eu\/pood\/wp-json\/wp\/v2\/comments?post=11974"}],"version-history":[{"count":3,"href":"https:\/\/tootsiaiand.eu\/pood\/wp-json\/wp\/v2\/pages\/11974\/revisions"}],"predecessor-version":[{"id":11989,"href":"https:\/\/tootsiaiand.eu\/pood\/wp-json\/wp\/v2\/pages\/11974\/revisions\/11989"}],"wp:attachment":[{"href":"https:\/\/tootsiaiand.eu\/pood\/wp-json\/wp\/v2\/media?parent=11974"}],"curies":[{"name":"wp","href":"https:\/\/api.w.org\/{rel}","templated":true}]}}