{"id":2084,"date":"2019-11-04T14:59:00","date_gmt":"2019-11-04T14:59:00","guid":{"rendered":"http:\/\/tootsiaiand.eu\/test-pood\/?page_id=2084"},"modified":"2024-11-08T13:44:44","modified_gmt":"2024-11-08T13:44:44","slug":"tellimine","status":"publish","type":"page","link":"https:\/\/tootsiaiand.eu\/pood\/tellimine\/","title":{"rendered":"Tellimise juhend"},"content":{"rendered":"\n<h2 class=\"wp-block-heading\">Tellimise juhend<\/h2>\n<p>Tootsi Lillepoe e-pood pakub Teile mugavat v\u00f5imalust osta lilli ja muid erinevaid tooteid meie valikust. Tellimusi e-poe kaudu saate esitada \u00f6\u00f6p\u00e4evaringselt. Ostetud lilledele ja muudele kaupadele v\u00f5ite ise j\u00e4rgi tulla v\u00f5i kasutada lillekulleri teenust, millega tellitud tooted j\u00f5uavad kohale teie poolt sisestatud aadressile. Kullerteenust kasutades lisandub l\u00f5ppsummale ka kullerteenuse tasu.<\/p>\n<h3 class=\"wp-block-heading\"><strong>Tellimuse esitamine<\/strong><\/h3>\n<p>Tellimust saad vormistada alustades lillede v\u00f5i kimbu valimisega. K\u00f5iki tooted saad valida lehek\u00fclje \u00fclalosas \u201eLillede kullerteenus P\u00e4rnus\u201c rippmen\u00fc\u00fcst. Valitud tooted saate lisada ostukorvi vajutades nuppu \u201eLisa korvi\u201c avatud toote all. Ostukorvi sisu on p\u00fcsivalt n\u00e4ha ekraani paremal \u00fclemises servas, millel hiirega klikkides on p\u00e4\u00e4s tellimuse vormistamise lehele. Samas saate ka korrigeerida tellitud koguseid ning mittevajalikke tooteid kustutada.<\/p>\n<p>Tellimuse vormistamisel palume sisestada saaja t\u00e4psed andmed, sest meile edastatava info t\u00e4psusest ja \u00f5igsusest s\u00f5ltub teie poolt ostetud toodete kiire ja h\u00e4ireteta kohale toimetamine. Kui ilmneb vajadus millegi t\u00e4psustamiseks, v\u00f5etakse teiega \u00fchendust telefoni v\u00f5i e-posti teel. Kui tellimuse t\u00e4itmiseks olulisi isikuandmeid ei esitata, siis ei ole meil v\u00f5imalik tellimust t\u00e4ita.<\/p>\n<p>Lilled on hooajaline toode ja k\u00f5iki lilli\/v\u00e4rvitoone ei pruugi alati k\u00f5igis kauplustes saada olla, mist\u00f5ttu j\u00e4tab lillepood endale \u00f5iguse vajadusel ja summa piires materjale asendada. Suuremate asenduste korral v\u00f5tame Saatjaga telefoni v\u00f5i e-maili teel \u00fchendust, et asendus kokku leppida.<\/p>\n<p>Juhime t\u00e4helepanu sellele, et defektita tooteid ei saa tagastada v\u00f5i \u00fcmbervahetada. Pretsensioonid Kauba koguse ja kvaliteedi kohta on ostja Kohustatud esitama M\u00fc\u00fcjale koheselt, kuid mitte hiljem kui j\u00e4rgneva 3 (kolme) tunni jooksul, tuues v\u00e4lja puudusega Kauba kirjelduse, koguse ja ostuhinna. Kui selle aja jooksul ei ole M\u00fc\u00fcjale pretensiooni esitatud, loetakse Ostjale \u00fcleantud kaup kvaliteetseks ja \u00f5igeks.<\/p>\n<p>M\u00fc\u00fcja vastutab vaid Kauba selliste puuduste eest, mis olid olemas Kauba Ostjale \u00fcleandmise hetkel.<\/p>\n<h3 class=\"wp-block-heading\"><strong>Tasumine<\/strong><\/h3>\n<p>Panga internetikeskkonnas saate tavalise panga\u00fclekande teel tasuda tehtud tellimuse eest. P\u00e4rast tasumist vajutage kindlasti nuppu \u201cTagasi kaupmehe juurde\u201d! Kui peale nupu vajutust j\u00f5uate tagasi Tootsi Aiandi internetipoodi on tellimuse edastamine \u00f5nnestunud.<\/p>\n<p>Tootsi Aiand\u00a0 on isikuandmete vastutav t\u00f6\u00f6tleja, Tootsi Aiand edastab maksete teostamiseks vajalikud isikuandmed volitatud t\u00f6\u00f6tleja Maksekeskus AS-le.<\/p>\n<h3 class=\"wp-block-heading\"><strong>Makseviiside kirjeldus<\/strong><\/h3>\n<p>E-poes toimub tasumine l\u00e4bi turvalise maksekeskuse k\u00f5ikide Eesti maksekaartide ja interneti pangakontodega (Swedbank, SEB, Luminor, LHV, Coop). Arveldamise valuutaks on EURO. E-poes pakutavad kaubad sisaldavad\u00a0 k\u00e4ibemaksu.<\/p>\n<h3 class=\"wp-block-heading\"><strong>Kullerteenuse hinnakiri (sisaldavad k\u00e4ibemaksu):<\/strong><\/h3>\n<p>Meie koost\u00f6\u00f6partneriks kullerteenusel on GoTakso P\u00e4rnus.\u00a0<\/p>\n<p>Et e-poes ilmuks ka \u00f5ige tarnekaugus ja hind palume t\u00e4ita postiindeksi lahtri. Toodete kohaletoimetamiseks on vajalik postiindeks, mille saab leida\u00a0<a href=\"https:\/\/www.omniva.ee\/sihtnumbrite_otsing\">SIIT.<\/a><\/p>\n<p>*P\u00e4rnu Linn: 5\u20ac<\/p>\n<p>*P\u00e4rnu l\u00e4hi\u00fcmbrus (Paikuse, Tammiste, Seljametsa, Pappsaare, Sauga, Hirvela) 10\u20ac<\/p>\n<p>*P\u00e4rnu \u00fcmbrus kuni ~15km (Sindi, Uulu, Valgeranna, Kilksamaa, Audru, Laadi) 12,50\u20ac<\/p>\n<p>*P\u00e4rnu \u00fcmbrus ~30 km (Lavasaare, P\u00e4rnu-Jaagupi, Are, Tori) 25\u20ac<\/p>\n<p>Saajaga v\u00f5etakse eelnevalt telefoni teel \u00fchendust, et kokku leppida sobiv aeg saadetise \u00fcleandmiseks.<\/p>\n<p>Palume m\u00f5ista, et suurematel t\u00e4htp\u00e4evadel (s\u00f5bra-, naiste- ja emadep\u00e4ev) kellaajalisi kullertellimusi ei t\u00e4ideta, k\u00f5ik tellimused t\u00e4idetakse jooksvalt p\u00e4eva jooksul.<\/p>\n<p>Tootsi Lillepood +372 612 1148<\/p>\n<div class=\"row\"  id=\"row-2110530263\">\n\n\n\t<div id=\"col-224435695\" class=\"col medium-6 small-12 large-6\"  >\n\t\t\t\t<div class=\"col-inner\"  >\n\t\t\t\n\t\t\t\n\n<p>Aadres:\u00a0<strong>Riia mnt 108c, P\u00e4rnu.<\/strong><br \/>Oleme avatud iga p\u00e4ev!<br \/><strong>E-R\u00a0<\/strong>\u00a08.00 \u2013 19.00<br \/><strong>L<\/strong>\u00a0 \u00a0 \u00a0 9.00 \u2013 18.00<br \/><strong>P<\/strong>\u00a0 \u00a0 \u00a09.00 \u2013 16.00<\/p>\n<p>\u00a0<\/p>\n\n\t\t<\/div>\n\t\t\t\t\t<\/div>\n\n\t\n\n\t<div id=\"col-1309562542\" class=\"col medium-6 small-12 large-6\"  >\n\t\t\t\t<div class=\"col-inner\"  >\n\t\t\t\n\t\t\t\n\n<p>E-mail: <strong>TootsiLillepood@gmail.com<\/strong><br \/>Telefon: +372\u00a0<strong>6121148<\/strong><\/p>\n\n\t\t<\/div>\n\t\t\t\t\t<\/div>\n\n\t\n\n<\/div>\n\n","protected":false},"excerpt":{"rendered":"","protected":false},"author":1,"featured_media":0,"parent":0,"menu_order":0,"comment_status":"closed","ping_status":"closed","template":"","meta":{"footnotes":""},"class_list":["post-2084","page","type-page","status-publish","hentry"],"jetpack_sharing_enabled":true,"_links":{"self":[{"href":"https:\/\/tootsiaiand.eu\/pood\/wp-json\/wp\/v2\/pages\/2084","targetHints":{"allow":["GET"]}}],"collection":[{"href":"https:\/\/tootsiaiand.eu\/pood\/wp-json\/wp\/v2\/pages"}],"about":[{"href":"https:\/\/tootsiaiand.eu\/pood\/wp-json\/wp\/v2\/types\/page"}],"author":[{"embeddable":true,"href":"https:\/\/tootsiaiand.eu\/pood\/wp-json\/wp\/v2\/users\/1"}],"replies":[{"embeddable":true,"href":"https:\/\/tootsiaiand.eu\/pood\/wp-json\/wp\/v2\/comments?post=2084"}],"version-history":[{"count":4,"href":"https:\/\/tootsiaiand.eu\/pood\/wp-json\/wp\/v2\/pages\/2084\/revisions"}],"predecessor-version":[{"id":11985,"href":"https:\/\/tootsiaiand.eu\/pood\/wp-json\/wp\/v2\/pages\/2084\/revisions\/11985"}],"wp:attachment":[{"href":"https:\/\/tootsiaiand.eu\/pood\/wp-json\/wp\/v2\/media?parent=2084"}],"curies":[{"name":"wp","href":"https:\/\/api.w.org\/{rel}","templated":true}]}}