{"id":11660,"date":"2024-02-14T09:02:35","date_gmt":"2024-02-14T09:02:35","guid":{"rendered":"https:\/\/tootsiaiand.eu\/test-pood\/?post_type=product&#038;p=11660"},"modified":"2025-02-05T08:15:52","modified_gmt":"2025-02-05T08:15:52","slug":"velvet-lillekimp","status":"publish","type":"product","link":"https:\/\/tootsiaiand.eu\/pood\/pood\/kimbud\/velvet-lillekimp\/","title":{"rendered":"Velvet &#8211; Lillekimp"},"content":{"rendered":"<p><em>Tootepildid on illustratiivsed. Tootsi Lillepoe floristid j\u00e4tavad endale \u00f5iguse asendada soovitud lille v\u00e4rvitooni puudumisel teise ligil\u00e4hedase v\u00e4rvitooniga.<\/em><\/p>\n","protected":false},"excerpt":{"rendered":"<p>Kui soovid, et seades kasutatakse m\u00f5nda kindlat v\u00e4rvi lille v\u00f5i taime, siis kirjuta see ostukorvis m\u00e4rkuste reale.<\/p>\n","protected":false},"featured_media":11661,"comment_status":"closed","ping_status":"closed","template":"","meta":[],"product_brand":[],"product_cat":[19],"product_tag":[],"class_list":{"0":"post-11660","1":"product","2":"type-product","3":"status-publish","4":"has-post-thumbnail","6":"product_cat-kimbud","8":"first","9":"instock","10":"taxable","11":"shipping-taxable","12":"purchasable","13":"product-type-variable"},"jetpack_sharing_enabled":true,"_links":{"self":[{"href":"https:\/\/tootsiaiand.eu\/pood\/wp-json\/wp\/v2\/product\/11660","targetHints":{"allow":["GET"]}}],"collection":[{"href":"https:\/\/tootsiaiand.eu\/pood\/wp-json\/wp\/v2\/product"}],"about":[{"href":"https:\/\/tootsiaiand.eu\/pood\/wp-json\/wp\/v2\/types\/product"}],"replies":[{"embeddable":true,"href":"https:\/\/tootsiaiand.eu\/pood\/wp-json\/wp\/v2\/comments?post=11660"}],"wp:featuredmedia":[{"embeddable":true,"href":"https:\/\/tootsiaiand.eu\/pood\/wp-json\/wp\/v2\/media\/11661"}],"wp:attachment":[{"href":"https:\/\/tootsiaiand.eu\/pood\/wp-json\/wp\/v2\/media?parent=11660"}],"wp:term":[{"taxonomy":"product_brand","embeddable":true,"href":"https:\/\/tootsiaiand.eu\/pood\/wp-json\/wp\/v2\/product_brand?post=11660"},{"taxonomy":"product_cat","embeddable":true,"href":"https:\/\/tootsiaiand.eu\/pood\/wp-json\/wp\/v2\/product_cat?post=11660"},{"taxonomy":"product_tag","embeddable":true,"href":"https:\/\/tootsiaiand.eu\/pood\/wp-json\/wp\/v2\/product_tag?post=11660"}],"curies":[{"name":"wp","href":"https:\/\/api.w.org\/{rel}","templated":true}]}}