{"id":8515,"date":"2021-10-17T18:16:09","date_gmt":"2021-10-17T18:16:09","guid":{"rendered":"https:\/\/tootsiaiand.eu\/test-pood\/?post_type=product&#038;p=8515"},"modified":"2026-03-19T09:38:45","modified_gmt":"2026-03-19T09:38:45","slug":"matuseparg-roheline-valge","status":"publish","type":"product","link":"https:\/\/tootsiaiand.eu\/pood\/pood\/leinaseaded\/leinaparjad\/matuseparg-roheline-valge\/","title":{"rendered":"Matusep\u00e4rg &#8211; roheline\/valge"},"content":{"rendered":"<p><em>Tootepildid on illustratiivsed. Tootsi Lillepoe floristid j\u00e4tavad endale \u00f5iguse asendada soovitud lille v\u00e4rvitooni puudumisel teise ligil\u00e4hedase v\u00e4rvitooniga.<\/em><\/p>\n","protected":false},"excerpt":{"rendered":"<p>Kuuseokstest matusep\u00e4rg on rohelise ja valge tooniga. Seades kasutame erinevaid lilli.<\/p>\n<p>&nbsp;<\/p>\n<p>Kui soovid p\u00e4rga m\u00f5nd muud v\u00e4rvi \u00f5isi , anna meile sellest tellimuse m\u00e4rkustes teada. (V\u00f5i telefonil: 612 11 48)<\/p>\n","protected":false},"featured_media":12460,"comment_status":"closed","ping_status":"closed","template":"","meta":[],"product_brand":[],"product_cat":[258,35],"product_tag":[],"class_list":{"0":"post-8515","1":"product","2":"type-product","3":"status-publish","4":"has-post-thumbnail","6":"product_cat-leinaparjad","7":"product_cat-leinaseaded","9":"first","10":"instock","11":"taxable","12":"shipping-taxable","13":"purchasable","14":"product-type-variable"},"jetpack_sharing_enabled":true,"_links":{"self":[{"href":"https:\/\/tootsiaiand.eu\/pood\/wp-json\/wp\/v2\/product\/8515","targetHints":{"allow":["GET"]}}],"collection":[{"href":"https:\/\/tootsiaiand.eu\/pood\/wp-json\/wp\/v2\/product"}],"about":[{"href":"https:\/\/tootsiaiand.eu\/pood\/wp-json\/wp\/v2\/types\/product"}],"replies":[{"embeddable":true,"href":"https:\/\/tootsiaiand.eu\/pood\/wp-json\/wp\/v2\/comments?post=8515"}],"wp:featuredmedia":[{"embeddable":true,"href":"https:\/\/tootsiaiand.eu\/pood\/wp-json\/wp\/v2\/media\/12460"}],"wp:attachment":[{"href":"https:\/\/tootsiaiand.eu\/pood\/wp-json\/wp\/v2\/media?parent=8515"}],"wp:term":[{"taxonomy":"product_brand","embeddable":true,"href":"https:\/\/tootsiaiand.eu\/pood\/wp-json\/wp\/v2\/product_brand?post=8515"},{"taxonomy":"product_cat","embeddable":true,"href":"https:\/\/tootsiaiand.eu\/pood\/wp-json\/wp\/v2\/product_cat?post=8515"},{"taxonomy":"product_tag","embeddable":true,"href":"https:\/\/tootsiaiand.eu\/pood\/wp-json\/wp\/v2\/product_tag?post=8515"}],"curies":[{"name":"wp","href":"https:\/\/api.w.org\/{rel}","templated":true}]}}