{"id":8628,"date":"2021-10-26T10:29:35","date_gmt":"2021-10-26T10:29:35","guid":{"rendered":"https:\/\/tootsiaiand.eu\/test-pood\/?post_type=product&#038;p=8628"},"modified":"2026-03-19T09:27:37","modified_gmt":"2026-03-19T09:27:37","slug":"leinakimp-tilgakujuline-punane-rahu","status":"publish","type":"product","link":"https:\/\/tootsiaiand.eu\/pood\/pood\/leinaseaded\/leinakimbud\/leinakimp-tilgakujuline-punane-rahu\/","title":{"rendered":"Leinakimp tilgakujuline &#8211; Punane rahu"},"content":{"rendered":"<p><em>Tootepildid on illustratiivsed. Tootsi Lillepoe floristid j\u00e4tavad endale \u00f5iguse asendada soovitud lille v\u00e4rvitooni puudumisel teise ligil\u00e4hedase v\u00e4rvitooniga.<\/em><\/p>\n","protected":false},"excerpt":{"rendered":"<p>Leinakimp on punastes toonides.<\/p>\n<p>&nbsp;<\/p>\n<p>Leinakimp on valmistatud kuuseokstele ja spetsiaalsele vahtplast alusele, t\u00e4nu millele p\u00fcsib kimp kauem vastu.<\/p>\n<p>Kui soovid leinakimpu muud v\u00e4rvi \u00f5isi , anna meile sellest tellimuse m\u00e4rkustes teada. (V\u00f5i telefonil: 612 11 48)<\/p>\n","protected":false},"featured_media":10791,"comment_status":"closed","ping_status":"closed","template":"","meta":[],"product_brand":[],"product_cat":[257,35],"product_tag":[],"class_list":{"0":"post-8628","1":"product","2":"type-product","3":"status-publish","4":"has-post-thumbnail","6":"product_cat-leinakimbud","7":"product_cat-leinaseaded","9":"first","10":"instock","11":"taxable","12":"shipping-taxable","13":"purchasable","14":"product-type-variable"},"jetpack_sharing_enabled":true,"_links":{"self":[{"href":"https:\/\/tootsiaiand.eu\/pood\/wp-json\/wp\/v2\/product\/8628","targetHints":{"allow":["GET"]}}],"collection":[{"href":"https:\/\/tootsiaiand.eu\/pood\/wp-json\/wp\/v2\/product"}],"about":[{"href":"https:\/\/tootsiaiand.eu\/pood\/wp-json\/wp\/v2\/types\/product"}],"replies":[{"embeddable":true,"href":"https:\/\/tootsiaiand.eu\/pood\/wp-json\/wp\/v2\/comments?post=8628"}],"wp:featuredmedia":[{"embeddable":true,"href":"https:\/\/tootsiaiand.eu\/pood\/wp-json\/wp\/v2\/media\/10791"}],"wp:attachment":[{"href":"https:\/\/tootsiaiand.eu\/pood\/wp-json\/wp\/v2\/media?parent=8628"}],"wp:term":[{"taxonomy":"product_brand","embeddable":true,"href":"https:\/\/tootsiaiand.eu\/pood\/wp-json\/wp\/v2\/product_brand?post=8628"},{"taxonomy":"product_cat","embeddable":true,"href":"https:\/\/tootsiaiand.eu\/pood\/wp-json\/wp\/v2\/product_cat?post=8628"},{"taxonomy":"product_tag","embeddable":true,"href":"https:\/\/tootsiaiand.eu\/pood\/wp-json\/wp\/v2\/product_tag?post=8628"}],"curies":[{"name":"wp","href":"https:\/\/api.w.org\/{rel}","templated":true}]}}