{"id":8756,"date":"2021-10-30T13:02:17","date_gmt":"2021-10-30T13:02:17","guid":{"rendered":"https:\/\/tootsiaiand.eu\/test-pood\/?post_type=product&#038;p=8756"},"modified":"2025-02-04T07:27:23","modified_gmt":"2025-02-04T07:27:23","slug":"meeltroomustav-lillekimp","status":"publish","type":"product","link":"https:\/\/tootsiaiand.eu\/pood\/pood\/kimbud\/meeltroomustav-lillekimp\/","title":{"rendered":"Pastelne leedi \u2013 Lillekimp"},"content":{"rendered":"<p><em>Tootepildid on illustratiivsed. Tootsi Lillepoe floristid j\u00e4tavad endale \u00f5iguse asendada soovitud lille v\u00e4rvitooni puudumisel teise ligil\u00e4hedase v\u00e4rvitooniga.<\/em><\/p>\n","protected":false},"excerpt":{"rendered":"<p>Kui soovid, et seades kasutatakse m\u00f5nda kindlat v\u00e4rvi lille v\u00f5i taime, siis kirjuta see ostukorvis m\u00e4rkuste reale.<\/p>\n","protected":false},"featured_media":12622,"comment_status":"closed","ping_status":"closed","template":"","meta":[],"product_brand":[],"product_cat":[19],"product_tag":[],"class_list":{"0":"post-8756","1":"product","2":"type-product","3":"status-publish","4":"has-post-thumbnail","6":"product_cat-kimbud","8":"first","9":"instock","10":"taxable","11":"shipping-taxable","12":"purchasable","13":"product-type-variable"},"jetpack_sharing_enabled":true,"_links":{"self":[{"href":"https:\/\/tootsiaiand.eu\/pood\/wp-json\/wp\/v2\/product\/8756","targetHints":{"allow":["GET"]}}],"collection":[{"href":"https:\/\/tootsiaiand.eu\/pood\/wp-json\/wp\/v2\/product"}],"about":[{"href":"https:\/\/tootsiaiand.eu\/pood\/wp-json\/wp\/v2\/types\/product"}],"replies":[{"embeddable":true,"href":"https:\/\/tootsiaiand.eu\/pood\/wp-json\/wp\/v2\/comments?post=8756"}],"wp:featuredmedia":[{"embeddable":true,"href":"https:\/\/tootsiaiand.eu\/pood\/wp-json\/wp\/v2\/media\/12622"}],"wp:attachment":[{"href":"https:\/\/tootsiaiand.eu\/pood\/wp-json\/wp\/v2\/media?parent=8756"}],"wp:term":[{"taxonomy":"product_brand","embeddable":true,"href":"https:\/\/tootsiaiand.eu\/pood\/wp-json\/wp\/v2\/product_brand?post=8756"},{"taxonomy":"product_cat","embeddable":true,"href":"https:\/\/tootsiaiand.eu\/pood\/wp-json\/wp\/v2\/product_cat?post=8756"},{"taxonomy":"product_tag","embeddable":true,"href":"https:\/\/tootsiaiand.eu\/pood\/wp-json\/wp\/v2\/product_tag?post=8756"}],"curies":[{"name":"wp","href":"https:\/\/api.w.org\/{rel}","templated":true}]}}